{"id":14,"date":"2019-12-13T08:20:58","date_gmt":"2019-12-13T08:20:58","guid":{"rendered":"https:\/\/www.rs-multiservicio.com\/\/?page_id=14"},"modified":"2022-01-07T17:16:40","modified_gmt":"2022-01-07T17:16:40","slug":"leistungen","status":"publish","type":"page","link":"https:\/\/www.rs-multiservicio.com\/de\/leistungen\/","title":{"rendered":"Leistungen"},"content":{"rendered":"<p><div class=\"fusion-fullwidth fullwidth-box fusion-builder-row-1 fusion-flex-container fusion-parallax-none nonhundred-percent-fullwidth non-hundred-percent-height-scrolling fusion-no-small-visibility lazyload\" style=\"--awb-background-blend-mode:multiply;--awb-border-radius-top-left:0px;--awb-border-radius-top-right:0px;--awb-border-radius-bottom-right:0px;--awb-border-radius-bottom-left:0px;--awb-min-height:450px;--awb-background-image:linear-gradient(200deg, #828282 0%,#828282 100%);;--awb-background-size:cover;--awb-flex-wrap:wrap;\" data-bg=\"https:\/\/www.rs-multiservicio.com\/\/wp-content\/uploads\/2021\/12\/Gruenanlagengestaltung-Gruenanlagenpflege-Titelbild.jpg\" data-bg-gradient=\"linear-gradient(200deg, #828282 0%,#828282 100%)\" ><div class=\"fusion-builder-row fusion-row fusion-flex-align-items-center fusion-flex-align-content-center fusion-flex-justify-content-center fusion-flex-content-wrap\" style=\"max-width:calc( 1100px + 0px );margin-left: calc(-0px \/ 2 );margin-right: calc(-0px \/ 2 );\"><div class=\"fusion-layout-column fusion_builder_column fusion-builder-column-0 fusion_builder_column_1_1 1_1 fusion-flex-column fusion-flex-align-self-center fusion-animated\" style=\"--awb-bg-size:cover;--awb-width-large:100%;--awb-margin-top-large:0px;--awb-spacing-right-large:0px;--awb-margin-bottom-large:0px;--awb-spacing-left-large:0px;--awb-width-medium:100%;--awb-order-medium:0;--awb-spacing-right-medium:0px;--awb-spacing-left-medium:0px;--awb-width-small:100%;--awb-order-small:0;--awb-spacing-right-small:0px;--awb-spacing-left-small:0px;\" data-animationType=\"fadeInDown\" data-animationDuration=\"1.0\" data-animationOffset=\"top-into-view\"><div class=\"fusion-column-wrapper fusion-column-has-shadow fusion-flex-justify-content-center fusion-content-layout-column\"><div class=\"fusion-title title fusion-title-1 fusion-sep-none fusion-title-center fusion-title-text fusion-title-size-one\" style=\"--awb-text-color:#ffffff;--awb-font-size:40px;\"><h1 class=\"fusion-title-heading title-heading-center fusion-responsive-typography-calculated\" style=\"font-family:&quot;Montserrat&quot;;font-style:normal;font-weight:500;margin:0;font-size:1em;--fontSize:40;line-height:1.4;\"><p style=\"text-align: center;\">LEISTUNGEN<\/p><\/h1><\/div><div class=\"fusion-separator\" style=\"align-self: center;margin-left: auto;margin-right: auto;margin-bottom:30px;width:100%;max-width:100px;\"><div class=\"fusion-separator-border sep-single sep-solid\" style=\"--awb-height:20px;--awb-amount:20px;--awb-sep-color:#6fa31b;border-color:#6fa31b;border-top-width:4px;\"><\/div><\/div><div class=\"fusion-title title fusion-title-2 fusion-sep-none fusion-title-center fusion-title-text fusion-title-size-two\" style=\"--awb-text-color:#ffffff;\"><h2 class=\"fusion-title-heading title-heading-center fusion-responsive-typography-calculated\" style=\"margin:0;--fontSize:32;line-height:1.3;\"><p style=\"text-align: center;\">Moderne Technik trifft Liebe zum Detail<\/p><\/h2><\/div><\/div><\/div><\/div><\/div><div class=\"fusion-fullwidth fullwidth-box fusion-builder-row-2 fusion-flex-container nonhundred-percent-fullwidth non-hundred-percent-height-scrolling\" style=\"--awb-border-radius-top-left:0px;--awb-border-radius-top-right:0px;--awb-border-radius-bottom-right:0px;--awb-border-radius-bottom-left:0px;--awb-padding-top:8%;--awb-padding-bottom:8%;--awb-background-color:#f2f1ef;--awb-background-image:linear-gradient(180deg, #ffffff 0%,rgba(255,255,255,0) 20%);--awb-flex-wrap:wrap;\" ><div class=\"fusion-builder-row fusion-row fusion-flex-align-items-stretch fusion-flex-content-wrap\" style=\"max-width:1144px;margin-left: calc(-4% \/ 2 );margin-right: calc(-4% \/ 2 );\"><div class=\"fusion-layout-column fusion_builder_column fusion-builder-column-1 fusion_builder_column_3_5 3_5 fusion-flex-column fusion-animated\" style=\"--awb-bg-size:cover;--awb-width-large:60%;--awb-margin-top-large:0px;--awb-spacing-right-large:3.2%;--awb-margin-bottom-large:30px;--awb-spacing-left-large:3.2%;--awb-width-medium:100%;--awb-spacing-right-medium:1.92%;--awb-spacing-left-medium:1.92%;--awb-width-small:100%;--awb-spacing-right-small:1.92%;--awb-spacing-left-small:1.92%;\" data-animationType=\"fadeInLeft\" data-animationDuration=\"1.0\" data-animationOffset=\"top-into-view\"><div class=\"fusion-column-wrapper fusion-column-has-shadow fusion-flex-justify-content-center fusion-content-layout-column\"><div class=\"fusion-title title fusion-title-3 fusion-sep-none fusion-title-text fusion-title-size-two\"><h2 class=\"fusion-title-heading title-heading-left fusion-responsive-typography-calculated\" style=\"margin:0;--fontSize:32;line-height:1.3;\">Moderne Technik &amp; Liebe zum Detail<\/h2><\/div><div class=\"fusion-separator\" style=\"align-self: flex-start;margin-right:auto;margin-bottom:30px;width:100%;max-width:100px;\"><div class=\"fusion-separator-border sep-single sep-solid\" style=\"--awb-height:20px;--awb-amount:20px;--awb-sep-color:#6fa31b;border-color:#6fa31b;border-top-width:4px;\"><\/div><\/div><div class=\"fusion-text fusion-text-1 fusion-text-no-margin\" style=\"--awb-text-transform:none;--awb-margin-bottom:0px;\"><p style=\"text-align: left;\">Ihre individuellen, pers\u00f6nlichen W\u00fcnsche paaren wir gerne mit unserer Erfahrung, fachspezifischem Know How, professionellem technischen Ger\u00e4t und viel Liebe zum Detail. Unser Ziel ist es, den Vorstellungen von Gro\u00df- und Kleinkunden gerecht werden zu k\u00f6nnen. Wir bieten Ihnen:<\/p>\n<\/div><ul style=\"--awb-size:20px;--awb-item-padding-top:0.1em;--awb-item-padding-bottom:0.1em;--awb-iconcolor:#6fa31b;--awb-line-height:34px;--awb-icon-width:34px;--awb-icon-height:34px;--awb-icon-margin:14px;--awb-content-margin:48px;\" class=\"fusion-checklist fusion-checklist-1 type-icons\"><li class=\"fusion-li-item\" style=\"\"><span class=\"icon-wrapper circle-no\"><i class=\"fusion-li-icon fa-leaf fas\" aria-hidden=\"true\"><\/i><\/span><div class=\"fusion-li-item-content\">\n<p><a href=\"https:\/\/www.rs-multiservicio.com\/\/leistungen\/gartenbau\/\">Gartengestaltung &amp; -pflege<\/a><\/p>\n<\/div><\/li><li class=\"fusion-li-item\" style=\"\"><span class=\"icon-wrapper circle-no\"><i class=\"fusion-li-icon fa-leaf fas\" aria-hidden=\"true\"><\/i><\/span><div class=\"fusion-li-item-content\">\n<p><a href=\"https:\/\/www.rs-multiservicio.com\/\/leistungen\/gruenanlagengestaltung-pflege\/\">Gr\u00fcnanlagengestaltung &amp; -pflege<\/a><\/p>\n<\/div><\/li><li class=\"fusion-li-item\" style=\"\"><span class=\"icon-wrapper circle-no\"><i class=\"fusion-li-icon fa-leaf fas\" aria-hidden=\"true\"><\/i><\/span><div class=\"fusion-li-item-content\">\n<p><a href=\"https:\/\/www.rs-multiservicio.com\/\/leistungen\/landschaftspflege\/\">Landschaftspflege<\/a><\/p>\n<\/div><\/li><li class=\"fusion-li-item\" style=\"\"><span class=\"icon-wrapper circle-no\"><i class=\"fusion-li-icon fa-leaf fas\" aria-hidden=\"true\"><\/i><\/span><div class=\"fusion-li-item-content\">\n<p><a href=\"https:\/\/www.rs-multiservicio.com\/\/leistungen\/gartenbewaesserung\/\">Gartenbew\u00e4sserung<\/a><\/p>\n<\/div><\/li><li class=\"fusion-li-item\" style=\"\"><span class=\"icon-wrapper circle-no\"><i class=\"fusion-li-icon fa-leaf fas\" aria-hidden=\"true\"><\/i><\/span><div class=\"fusion-li-item-content\">\n<p><a href=\"https:\/\/www.rs-multiservicio.com\/\/leistungen\/terassengestaltung\/\">Terassenanlage &amp; -gestaltung<\/a><\/p>\n<\/div><\/li><li class=\"fusion-li-item\" style=\"\"><span class=\"icon-wrapper circle-no\"><i class=\"fusion-li-icon fa-leaf fas\" aria-hidden=\"true\"><\/i><\/span><div class=\"fusion-li-item-content\">\n<p><a href=\"https:\/\/www.rs-multiservicio.com\/\/leistungen\/naturstein-pflasterarbeiten\/\">Sand-, Naturstein &amp; Pflasterarbeiten<\/a><\/p>\n<\/div><\/li><li class=\"fusion-li-item\" style=\"\"><span class=\"icon-wrapper circle-no\"><i class=\"fusion-li-icon fa-leaf fas\" aria-hidden=\"true\"><\/i><\/span><div class=\"fusion-li-item-content\">\n<p><a href=\"https:\/\/www.rs-multiservicio.com\/\/leistungen\/zaunbau\/\">Zaunbau<\/a><\/p>\n<\/div><\/li><li class=\"fusion-li-item\" style=\"\"><span class=\"icon-wrapper circle-no\"><i class=\"fusion-li-icon fa-leaf fas\" aria-hidden=\"true\"><\/i><\/span><div class=\"fusion-li-item-content\">\n<p><a href=\"https:\/\/www.rs-multiservicio.com\/\/leistungen\/baggerarbeiten\/\">Baggerarbeiten<\/a><\/p>\n<\/div><\/li><li class=\"fusion-li-item\" style=\"\"><span class=\"icon-wrapper circle-no\"><i class=\"fusion-li-icon fa-leaf fas\" aria-hidden=\"true\"><\/i><\/span><div class=\"fusion-li-item-content\">\n<p><a href=\"https:\/\/www.rs-multiservicio.com\/\/leistungen\/hausmeisterarbeiten\/\">Hausmeisterarbeiten<\/a><\/p>\n<\/div><\/li><\/ul><\/div><\/div><div class=\"fusion-layout-column fusion_builder_column fusion-builder-column-2 fusion_builder_column_2_5 2_5 fusion-flex-column fusion-flex-align-self-flex-start\" style=\"--awb-bg-size:cover;--awb-width-large:40%;--awb-margin-top-large:0px;--awb-spacing-right-large:4.8%;--awb-margin-bottom-large:0px;--awb-spacing-left-large:4.8%;--awb-width-medium:100%;--awb-order-medium:0;--awb-spacing-right-medium:1.92%;--awb-spacing-left-medium:1.92%;--awb-width-small:100%;--awb-order-small:0;--awb-spacing-right-small:1.92%;--awb-spacing-left-small:1.92%;\"><div class=\"fusion-column-wrapper fusion-column-has-shadow fusion-flex-justify-content-center fusion-content-layout-column\"><div class=\"fusion-image-element \" style=\"text-align:center;--awb-margin-bottom:0px;--awb-caption-title-font-family:var(--h2_typography-font-family);--awb-caption-title-font-weight:var(--h2_typography-font-weight);--awb-caption-title-font-style:var(--h2_typography-font-style);--awb-caption-title-size:var(--h2_typography-font-size);--awb-caption-title-transform:var(--h2_typography-text-transform);--awb-caption-title-line-height:var(--h2_typography-line-height);--awb-caption-title-letter-spacing:var(--h2_typography-letter-spacing);\"><span class=\" fusion-imageframe imageframe-dropshadow imageframe-1 hover-type-none\" style=\"-webkit-box-shadow: 3px 3px 7px rgba(0,0,0,0.3);box-shadow: 3px 3px 7px rgba(0,0,0,0.3);\"><img decoding=\"async\" width=\"2092\" height=\"1177\" title=\"G\u00e4rtner B\u00fcckeburg Nienst\u00e4dt Stadthagen Minden\" src=\"https:\/\/www.rs-multiservicio.com\/wp-content\/uploads\/2021\/11\/Gaertner-Bueckeburg-Nienstaedt-Stadthagen-Minden.jpg\" data-orig-src=\"https:\/\/www.rs-multiservicio.com\/\/wp-content\/uploads\/2021\/11\/Gaertner-Bueckeburg-Nienstaedt-Stadthagen-Minden.jpg\" alt class=\"lazyload img-responsive wp-image-1135\" srcset=\"data:image\/svg+xml,%3Csvg%20xmlns%3D%27http%3A%2F%2Fwww.w3.org%2F2000%2Fsvg%27%20width%3D%272092%27%20height%3D%271177%27%20viewBox%3D%270%200%202092%201177%27%3E%3Crect%20width%3D%272092%27%20height%3D%271177%27%20fill-opacity%3D%220%22%2F%3E%3C%2Fsvg%3E\" data-srcset=\"https:\/\/www.rs-multiservicio.com\/wp-content\/uploads\/2021\/11\/Gaertner-Bueckeburg-Nienstaedt-Stadthagen-Minden-200x113.jpg 200w, https:\/\/www.rs-multiservicio.com\/wp-content\/uploads\/2021\/11\/Gaertner-Bueckeburg-Nienstaedt-Stadthagen-Minden-400x225.jpg 400w, https:\/\/www.rs-multiservicio.com\/wp-content\/uploads\/2021\/11\/Gaertner-Bueckeburg-Nienstaedt-Stadthagen-Minden-600x338.jpg 600w, https:\/\/www.rs-multiservicio.com\/wp-content\/uploads\/2021\/11\/Gaertner-Bueckeburg-Nienstaedt-Stadthagen-Minden-800x450.jpg 800w, https:\/\/www.rs-multiservicio.com\/wp-content\/uploads\/2021\/11\/Gaertner-Bueckeburg-Nienstaedt-Stadthagen-Minden-1200x675.jpg 1200w, https:\/\/www.rs-multiservicio.com\/wp-content\/uploads\/2021\/11\/Gaertner-Bueckeburg-Nienstaedt-Stadthagen-Minden.jpg 2092w\" data-sizes=\"auto\" data-orig-sizes=\"(max-width: 1024px) 100vw, (max-width: 640px) 100vw, 600px\" \/><\/span><\/div><div class=\"fusion-separator fusion-full-width-sep\" style=\"align-self: center;margin-left: auto;margin-right: auto;margin-top:30px;width:100%;\"><\/div><div class=\"fusion-text fusion-text-2 fusion-text-no-margin\" style=\"--awb-text-transform:none;--awb-margin-bottom:0px;\"><p style=\"text-align: left;\">Gemeinsam perfektionieren wir auf Basis Ihrer Wunschvorstellungen Ihr Gartenprojekt und bieten Ihnen ein optimales Preis-Leistungsverh\u00e4ltnis. Egal ob<span class=\"ILfuVd\"><span class=\"hgKElc\"> Nutzgarten, Ziergarten oder Naturgarten, egal ob <\/span><\/span>praktisch und leicht zu pflegen, gem\u00fctlich oder modern \u2013 wir machen ihren Gartentraum zum Traumgarten!<\/p>\n<\/div><div class=\"fusion-separator fusion-full-width-sep\" style=\"align-self: center;margin-left: auto;margin-right: auto;margin-top:30px;width:100%;\"><\/div><div style=\"text-align:left;\"><a class=\"fusion-button button-flat fusion-button-default-size button-default fusion-button-default button-1 fusion-button-default-span fusion-button-default-type\" target=\"_self\" href=\"\/kontakt\"><span class=\"fusion-button-text\">Ihre Anfrage<\/span><\/a><\/div><\/div><\/div><\/div><\/div><div class=\"fusion-fullwidth fullwidth-box fusion-builder-row-3 fusion-flex-container fusion-parallax-none nonhundred-percent-fullwidth non-hundred-percent-height-scrolling fusion-no-small-visibility lazyload\" style=\"--awb-border-radius-top-left:0px;--awb-border-radius-top-right:0px;--awb-border-radius-bottom-right:0px;--awb-border-radius-bottom-left:0px;--awb-padding-top:90px;--awb-padding-bottom:90px;--awb-background-image:linear-gradient(0deg, #231f20 0%,rgba(255,255,255,0) 100%);;--awb-background-size:cover;--awb-flex-wrap:wrap;\" data-bg=\"https:\/\/www.rs-multiservicio.com\/\/wp-content\/uploads\/2021\/11\/Gartenbau-und-Landschaftsbau-Stadthagen-Bueckeburg-Minden-Footer.jpg\" data-bg-gradient=\"linear-gradient(0deg, #231f20 0%,rgba(255,255,255,0) 100%)\" ><div class=\"fusion-builder-row fusion-row fusion-flex-align-items-stretch fusion-flex-content-wrap\" style=\"max-width:1144px;margin-left: calc(-4% \/ 2 );margin-right: calc(-4% \/ 2 );\"><div class=\"fusion-layout-column fusion_builder_column fusion-builder-column-3 fusion_builder_column_1_2 1_2 fusion-flex-column\" style=\"--awb-bg-size:cover;--awb-width-large:50%;--awb-margin-top-large:0px;--awb-spacing-right-large:3.84%;--awb-margin-bottom-large:0px;--awb-spacing-left-large:3.84%;--awb-width-medium:100%;--awb-spacing-right-medium:1.92%;--awb-spacing-left-medium:1.92%;--awb-width-small:100%;--awb-spacing-right-small:1.92%;--awb-spacing-left-small:1.92%;\"><div class=\"fusion-column-wrapper fusion-column-has-shadow fusion-flex-justify-content-flex-start fusion-content-layout-column\"><div class=\"fusion-title title fusion-title-4 fusion-sep-none fusion-title-text fusion-title-size-two\" style=\"--awb-text-color:#ffffff;--awb-font-size:30px;\"><h2 class=\"fusion-title-heading title-heading-left fusion-responsive-typography-calculated\" style=\"font-family:&quot;Montserrat&quot;;font-style:normal;font-weight:500;margin:0;font-size:1em;--fontSize:30;line-height:1.3;\">Zum Traumgarten<\/h2><\/div><div class=\"fusion-text fusion-text-3\" style=\"--awb-text-transform:none;\"><p><span style=\"color: #ffffff;\">Wir freuen uns Ihnen bei der Realisierung Ihres Gartentraums mit Rat und Tat zur Seite stehen zu d\u00fcrfen. <\/span><\/p>\n<\/div><\/div><\/div><div class=\"fusion-layout-column fusion_builder_column fusion-builder-column-4 fusion_builder_column_1_2 1_2 fusion-flex-column\" style=\"--awb-bg-size:cover;--awb-width-large:50%;--awb-margin-top-large:0px;--awb-spacing-right-large:3.84%;--awb-margin-bottom-large:0px;--awb-spacing-left-large:3.84%;--awb-width-medium:100%;--awb-spacing-right-medium:1.92%;--awb-spacing-left-medium:1.92%;--awb-width-small:100%;--awb-spacing-right-small:1.92%;--awb-spacing-left-small:1.92%;\"><div class=\"fusion-column-wrapper fusion-column-has-shadow fusion-flex-justify-content-center fusion-content-layout-column\"><div style=\"text-align:right;\"><a class=\"fusion-button button-flat fusion-button-default-size button-default fusion-button-default button-2 fusion-button-default-span fusion-button-default-type\" target=\"_self\" href=\"\/referenzen\"><span class=\"fusion-button-text\">Unsere Referenzen<\/span><\/a><\/div><\/div><\/div><\/div><\/div>\n<\/p>\n","protected":false},"excerpt":{"rendered":"","protected":false},"author":1,"featured_media":0,"parent":0,"menu_order":0,"comment_status":"closed","ping_status":"closed","template":"100-width.php","meta":{"footnotes":""},"class_list":["post-14","page","type-page","status-publish","hentry"],"yoast_head":"<!-- This site is optimized with the Yoast SEO plugin v27.5 - https:\/\/yoast.com\/product\/yoast-seo-wordpress\/ -->\n<title>Leistungen - RS-Multiservicio para jardines y casas<\/title>\n<meta name=\"robots\" content=\"index, follow, max-snippet:-1, max-image-preview:large, max-video-preview:-1\" \/>\n<link rel=\"canonical\" href=\"https:\/\/www.rs-multiservicio.com\/de\/leistungen\/\" \/>\n<meta property=\"og:locale\" content=\"de_DE\" \/>\n<meta property=\"og:type\" content=\"article\" \/>\n<meta property=\"og:title\" content=\"Leistungen - RS-Multiservicio para jardines y casas\" \/>\n<meta property=\"og:url\" content=\"https:\/\/www.rs-multiservicio.com\/de\/leistungen\/\" \/>\n<meta property=\"og:site_name\" content=\"RS-Multiservicio para jardines y casas\" \/>\n<meta property=\"article:modified_time\" content=\"2022-01-07T17:16:40+00:00\" \/>\n<meta name=\"twitter:card\" content=\"summary_large_image\" \/>\n<meta name=\"twitter:label1\" content=\"Gesch\u00e4tzte Lesezeit\" \/>\n\t<meta name=\"twitter:data1\" content=\"14\u00a0Minuten\" \/>\n<script type=\"application\/ld+json\" class=\"yoast-schema-graph\">{\"@context\":\"https:\\\/\\\/schema.org\",\"@graph\":[{\"@type\":\"WebPage\",\"@id\":\"https:\\\/\\\/www.rs-multiservicio.com\\\/de\\\/leistungen\\\/\",\"url\":\"https:\\\/\\\/www.rs-multiservicio.com\\\/de\\\/leistungen\\\/\",\"name\":\"Leistungen - RS-Multiservicio para jardines y casas\",\"isPartOf\":{\"@id\":\"https:\\\/\\\/www.rs-multiservicio.com\\\/de\\\/#website\"},\"datePublished\":\"2019-12-13T08:20:58+00:00\",\"dateModified\":\"2022-01-07T17:16:40+00:00\",\"breadcrumb\":{\"@id\":\"https:\\\/\\\/www.rs-multiservicio.com\\\/de\\\/leistungen\\\/#breadcrumb\"},\"inLanguage\":\"de\",\"potentialAction\":[{\"@type\":\"ReadAction\",\"target\":[\"https:\\\/\\\/www.rs-multiservicio.com\\\/de\\\/leistungen\\\/\"]}]},{\"@type\":\"BreadcrumbList\",\"@id\":\"https:\\\/\\\/www.rs-multiservicio.com\\\/de\\\/leistungen\\\/#breadcrumb\",\"itemListElement\":[{\"@type\":\"ListItem\",\"position\":1,\"name\":\"Startseite\",\"item\":\"https:\\\/\\\/www.rs-multiservicio.com\\\/de\\\/\"},{\"@type\":\"ListItem\",\"position\":2,\"name\":\"Leistungen\"}]},{\"@type\":\"WebSite\",\"@id\":\"https:\\\/\\\/www.rs-multiservicio.com\\\/de\\\/#website\",\"url\":\"https:\\\/\\\/www.rs-multiservicio.com\\\/de\\\/\",\"name\":\"RS-Multiservicio para jardines y casas\",\"description\":\"Vom Gartentraum zum Traumgarten\",\"potentialAction\":[{\"@type\":\"SearchAction\",\"target\":{\"@type\":\"EntryPoint\",\"urlTemplate\":\"https:\\\/\\\/www.rs-multiservicio.com\\\/de\\\/?s={search_term_string}\"},\"query-input\":{\"@type\":\"PropertyValueSpecification\",\"valueRequired\":true,\"valueName\":\"search_term_string\"}}],\"inLanguage\":\"de\"}]}<\/script>\n<!-- \/ Yoast SEO plugin. -->","yoast_head_json":{"title":"Leistungen - RS-Multiservicio para jardines y casas","robots":{"index":"index","follow":"follow","max-snippet":"max-snippet:-1","max-image-preview":"max-image-preview:large","max-video-preview":"max-video-preview:-1"},"canonical":"https:\/\/www.rs-multiservicio.com\/de\/leistungen\/","og_locale":"de_DE","og_type":"article","og_title":"Leistungen - RS-Multiservicio para jardines y casas","og_url":"https:\/\/www.rs-multiservicio.com\/de\/leistungen\/","og_site_name":"RS-Multiservicio para jardines y casas","article_modified_time":"2022-01-07T17:16:40+00:00","twitter_card":"summary_large_image","twitter_misc":{"Gesch\u00e4tzte Lesezeit":"14\u00a0Minuten"},"schema":{"@context":"https:\/\/schema.org","@graph":[{"@type":"WebPage","@id":"https:\/\/www.rs-multiservicio.com\/de\/leistungen\/","url":"https:\/\/www.rs-multiservicio.com\/de\/leistungen\/","name":"Leistungen - RS-Multiservicio para jardines y casas","isPartOf":{"@id":"https:\/\/www.rs-multiservicio.com\/de\/#website"},"datePublished":"2019-12-13T08:20:58+00:00","dateModified":"2022-01-07T17:16:40+00:00","breadcrumb":{"@id":"https:\/\/www.rs-multiservicio.com\/de\/leistungen\/#breadcrumb"},"inLanguage":"de","potentialAction":[{"@type":"ReadAction","target":["https:\/\/www.rs-multiservicio.com\/de\/leistungen\/"]}]},{"@type":"BreadcrumbList","@id":"https:\/\/www.rs-multiservicio.com\/de\/leistungen\/#breadcrumb","itemListElement":[{"@type":"ListItem","position":1,"name":"Startseite","item":"https:\/\/www.rs-multiservicio.com\/de\/"},{"@type":"ListItem","position":2,"name":"Leistungen"}]},{"@type":"WebSite","@id":"https:\/\/www.rs-multiservicio.com\/de\/#website","url":"https:\/\/www.rs-multiservicio.com\/de\/","name":"RS-Multiservicio para jardines y casas","description":"Vom Gartentraum zum Traumgarten","potentialAction":[{"@type":"SearchAction","target":{"@type":"EntryPoint","urlTemplate":"https:\/\/www.rs-multiservicio.com\/de\/?s={search_term_string}"},"query-input":{"@type":"PropertyValueSpecification","valueRequired":true,"valueName":"search_term_string"}}],"inLanguage":"de"}]}},"_links":{"self":[{"href":"https:\/\/www.rs-multiservicio.com\/de\/wp-json\/wp\/v2\/pages\/14","targetHints":{"allow":["GET"]}}],"collection":[{"href":"https:\/\/www.rs-multiservicio.com\/de\/wp-json\/wp\/v2\/pages"}],"about":[{"href":"https:\/\/www.rs-multiservicio.com\/de\/wp-json\/wp\/v2\/types\/page"}],"author":[{"embeddable":true,"href":"https:\/\/www.rs-multiservicio.com\/de\/wp-json\/wp\/v2\/users\/1"}],"replies":[{"embeddable":true,"href":"https:\/\/www.rs-multiservicio.com\/de\/wp-json\/wp\/v2\/comments?post=14"}],"version-history":[{"count":10,"href":"https:\/\/www.rs-multiservicio.com\/de\/wp-json\/wp\/v2\/pages\/14\/revisions"}],"predecessor-version":[{"id":1362,"href":"https:\/\/www.rs-multiservicio.com\/de\/wp-json\/wp\/v2\/pages\/14\/revisions\/1362"}],"wp:attachment":[{"href":"https:\/\/www.rs-multiservicio.com\/de\/wp-json\/wp\/v2\/media?parent=14"}],"curies":[{"name":"wp","href":"https:\/\/api.w.org\/{rel}","templated":true}]}}