{"id":1630,"date":"2021-11-29T19:08:51","date_gmt":"2021-11-29T19:08:51","guid":{"rendered":"https:\/\/www.rs-multiservicio.com\/\/pie-de-imprenta\/"},"modified":"2023-12-21T21:16:34","modified_gmt":"2023-12-21T21:16:34","slug":"pie-de-imprenta","status":"publish","type":"page","link":"https:\/\/www.rs-multiservicio.com\/es\/pie-de-imprenta\/","title":{"rendered":"Pie de imprenta"},"content":{"rendered":"<p><div class=\"fusion-fullwidth fullwidth-box fusion-builder-row-1 fusion-flex-container nonhundred-percent-fullwidth non-hundred-percent-height-scrolling\" style=\"--awb-background-position:center bottom;--awb-border-radius-top-left:0px;--awb-border-radius-top-right:0px;--awb-border-radius-bottom-right:0px;--awb-border-radius-bottom-left:0px;--awb-padding-top:4%;--awb-padding-bottom:8%;--awb-flex-wrap:wrap;\" ><div class=\"fusion-builder-row fusion-row fusion-flex-align-items-flex-start fusion-flex-content-wrap\" style=\"max-width:1144px;margin-left: calc(-4% \/ 2 );margin-right: calc(-4% \/ 2 );\"><div class=\"fusion-layout-column fusion_builder_column fusion-builder-column-0 fusion_builder_column_1_1 1_1 fusion-flex-column fusion-animated\" style=\"--awb-bg-size:cover;--awb-width-large:100%;--awb-margin-top-large:0px;--awb-spacing-right-large:1.92%;--awb-margin-bottom-large:60px;--awb-spacing-left-large:1.92%;--awb-width-medium:100%;--awb-spacing-right-medium:1.92%;--awb-spacing-left-medium:1.92%;--awb-width-small:100%;--awb-spacing-right-small:1.92%;--awb-spacing-left-small:1.92%;\" data-animationType=\"fadeInDown\" data-animationDuration=\"1.0\" data-animationOffset=\"top-into-view\"><div class=\"fusion-column-wrapper fusion-column-has-shadow fusion-flex-justify-content-flex-start fusion-content-layout-column\"><div class=\"fusion-title title fusion-title-1 fusion-sep-none fusion-title-center fusion-title-text fusion-title-size-one\"><h1 class=\"fusion-title-heading title-heading-center fusion-responsive-typography-calculated\" style=\"margin:0;--fontSize:70;line-height:1.4;\">Pie de imprenta<\/h1><\/div><div class=\"fusion-title title fusion-title-2 fusion-sep-none fusion-title-center fusion-title-text fusion-title-size-two\"><h2 class=\"fusion-title-heading title-heading-center fusion-responsive-typography-calculated\" style=\"margin:0;--fontSize:30;line-height:1.5;\">Informaci\u00f3n seg\u00fan \u00a7 5 TMG<\/h2><\/div><div class=\"fusion-text fusion-text-1\" style=\"--awb-text-transform:none;\"><h3>1. informaci\u00f3n general<\/h3>\n<p><strong>Responsable en el sentido del \u00a7 18 p\u00e1rr. 2 MStV:<\/strong><br \/>\nRS Multiservicio para jardines y casas<br \/>\nRonny Svejda<br \/>\nLGAR Taramay 195<br \/>\nApartado Correos 231<br \/>\n18690 Almu\u00f1\u00e9car (Granada)<\/p>\n<h3>P\u00f3ngase en contacto con nosotros<\/h3>\n<p>Correo electr\u00f3nico: <a href=\"mailto:info@rs-multiservicio.com\" rel=\"nofollow\">info@rs-multiservicio.com<\/a><br \/>\n<strong>M\u00f3vil (Whatsapp): <\/strong><a style=\"color: #6d6d6d;\" href=\"tel:+34675667548\">+34 675667548<\/a><br \/>\n<strong>M\u00f3vil: <\/strong><a style=\"color: #6d6d6d;\" href=\"tel:+491778299220\">+49 177 82 99 220<\/a><\/p>\n<div class=\"NodeText\">\n<p><strong>N\u00famero de identificaci\u00f3n del impuesto sobre el valor a\u00f1adido de conformidad con el art\u00edculo 27a de la Ley del Impuesto sobre el Valor A\u00f1adido:<\/strong><br \/>\nNUNCA: Z1306071-K<\/p>\n<p><strong>Centro de arbitraje:<\/strong><br \/>\nLa Comisi\u00f3n Europea ofrece una plataforma de resoluci\u00f3n de litigios en l\u00ednea (OS): <a href=\"https:\/\/ec.europa.eu\/consumers\/odr\">https:\/\/ec.europa.eu\/consumers\/odr.<\/a><br \/>\nEncontrar\u00e1 nuestra direcci\u00f3n de correo electr\u00f3nico en el aviso legal anterior.<\/p>\n<p>No estamos dispuestos ni obligados a participar en procedimientos de resoluci\u00f3n de litigios ante una junta arbitral de consumo.<\/p>\n<p><strong>Resoluci\u00f3n de litigios<\/strong><br \/>\nLa Comisi\u00f3n Europea ofrece una plataforma de resoluci\u00f3n de litigios en l\u00ednea (OS): <a href=\"https:\/\/ec.europa.eu\/consumers\/odr\" target=\"_blank\" rel=\"nofollow noopener noreferrer\">https:\/\/ec.europa.eu\/consumers\/odr.<\/a><br \/>\nEncontrar\u00e1 nuestra direcci\u00f3n de correo electr\u00f3nico en el aviso legal anterior.<br \/>\nNo estamos dispuestos ni obligados a participar en procedimientos de resoluci\u00f3n de litigios ante una junta arbitral de consumo.<\/p>\n<h3>2. contenido de la oferta en l\u00ednea<\/h3>\n<p>El autor no asume responsabilidad alguna por la actualidad, exactitud, integridad o calidad de la informaci\u00f3n facilitada. Quedan fundamentalmente excluidas las reclamaciones de responsabilidad contra el autor relativas a da\u00f1os materiales o inmateriales causados por el uso o no uso de la informaci\u00f3n facilitada o por el uso de informaci\u00f3n incorrecta o incompleta, a menos que existan pruebas de dolo o negligencia grave por parte del autor.<br \/>\nTodas las ofertas est\u00e1n sujetas a cambios y no son vinculantes. El autor se reserva expresamente el derecho a modificar, completar o suprimir partes de las p\u00e1ginas o la oferta completa sin previo aviso o a interrumpir la publicaci\u00f3n temporal o definitivamente.<\/p>\n<h3>3. referencias y enlaces<\/h3>\n<p>En el caso de referencias directas o indirectas a sitios web externos (\u00abhiperv\u00ednculos\u00bb) que se encuentren fuera del \u00e1mbito de responsabilidad del autor, s\u00f3lo entrar\u00eda en vigor una obligaci\u00f3n de responsabilidad en caso de que el autor tuviera conocimiento del contenido y le fuera t\u00e9cnicamente posible y razonable impedir el uso en caso de contenido ilegal.<br \/>\nPor la presente, el autor declara expresamente que en el momento de crear los enlaces no era reconocible ning\u00fan contenido ilegal en las p\u00e1ginas enlazadas. El autor no tiene influencia alguna sobre el dise\u00f1o actual y futuro, el contenido o la autor\u00eda de las p\u00e1ginas enlazadas. Por ello, se distancia expresamente de todos los contenidos de todas las p\u00e1ginas enlazadas que hayan sido modificadas despu\u00e9s de la creaci\u00f3n del enlace. Esta declaraci\u00f3n se aplica a todos los enlaces y referencias establecidos dentro de la propia p\u00e1gina web del autor, as\u00ed como a las entradas de terceros en libros de visitas, foros de discusi\u00f3n, directorios de enlaces, listas de correo y todas las dem\u00e1s formas de bases de datos creadas por el autor a cuyo contenido sea posible el acceso de escritura externo. De los contenidos ilegales, incorrectos o incompletos y, en particular, de los da\u00f1os derivados de la utilizaci\u00f3n o no utilizaci\u00f3n de dicha informaci\u00f3n, s\u00f3lo ser\u00e1 responsable el proveedor de la p\u00e1gina a la que se haga referencia, y no la persona que se limite a remitir a la publicaci\u00f3n correspondiente a trav\u00e9s de enlaces.<\/p>\n<h3>4. legislaci\u00f3n sobre derechos de autor y etiquetado<\/h3>\n<p>El autor se esfuerza por respetar los derechos de autor de las im\u00e1genes, gr\u00e1ficos, documentos sonoros, secuencias de v\u00eddeo y textos utilizados en todas las publicaciones, por utilizar im\u00e1genes, gr\u00e1ficos, documentos sonoros, secuencias de v\u00eddeo y textos creados por \u00e9l mismo o por hacer uso de gr\u00e1ficos, documentos sonoros, secuencias de v\u00eddeo y textos libres de licencia.<br \/>\nTodas las marcas y nombres comerciales mencionados en el sitio web y posiblemente protegidos por terceros est\u00e1n sujetos sin restricciones a las disposiciones de la legislaci\u00f3n aplicable en materia de marcas y a los derechos de propiedad de los respectivos propietarios registrados. La mera menci\u00f3n de una marca no implica que no est\u00e9 protegida por derechos de terceros.<br \/>\nLos derechos de autor de los objetos publicados y creados por el propio autor pertenecen exclusivamente al autor de las p\u00e1ginas. Queda prohibida la reproducci\u00f3n o utilizaci\u00f3n de objetos como im\u00e1genes, diagramas, sonidos o textos en otras publicaciones electr\u00f3nicas o impresas sin el consentimiento del autor.<\/p>\n<p><strong>Indicaci\u00f3n de derechos de autor<\/strong><\/p>\n<p>Logo ASH garden: Acuerdo de usuario firmado el 18.08.2021 &#8211; Autor: <strong>PRAHENDRA HADI DHARMA<\/strong> (ILHAM AFRORA)<br \/>\n\u00a9 beawolf &#8211; stock.adobe.com &#8211; Hierba fresca &#8211; Adquirido el: 29.11.21 22:16 por Ronny Svejda<br \/>\n\u00a9 white78 &#8211; stock.adobe.com &#8211; hermoso paisaje con hermosas plantas &#8211; Adquirida el: 28.11.21 22:55 por Ronny Svejda<br \/>\n\u00a9 scaliger &#8211; stock.adobe.com &#8211; Panor\u00e1mica paisajista del jard\u00edn de casa. Dise\u00f1o de paisaje con plantas, flores y piedra en el patio trasero. &#8211; Adquirido el: 28.11.21 22:13 por Ronny Svejda<br \/>\n\u00a9 Andrey Volokhatiuk &#8211; stock.adobe.com &#8211; Detalle de un jard\u00edn bot\u00e1nico. &#8211; Adquirido el: 04.08.21 22:08 por Ronny Svejda<br \/>\n\u00a9 Stockwerk-Fotodesign &#8211; stock.adobe.com &#8211; Casa con nubes y servicio de conserjer\u00eda &#8211; Adquirido el: 01.12.21 12:00 por Ronny Svejda<br \/>\n\u00a9 schulzfoto &#8211; stock.adobe.com &#8211; Horticultura con l\u00edmite de propiedad &#8211; Adquirida el: 01.12.21 11:54 por Ronny Svejda<br \/>\n\u00a9 Wolfilser &#8211; stock.adobe.com &#8211; Excavadora en obra frente a la puesta de sol &#8211; Adquirida el: 01.12.21 11:53 por Ronny Svejda<br \/>\n\u00a9 U. J. Alexander &#8211; stock.adobe.com &#8211; Moderna valla de privacidad de alta calidad &#8211; Adquirida el: 01.12.21 11:19 por Ronny Svejda<br \/>\n\u00a9 maho &#8211; stock.adobe.com &#8211; Valla de madera 1 &#8211; Adquirida el: 01.12.21 11:17 por Ronny Svejda<br \/>\n\u00a9 Hermann &#8211; stock.adobe.com &#8211; Moderna valla de privacidad hecha de gaviones rellenos de piedra natural de malla de acero galvanizado alrededor de una propiedad de nueva construcci\u00f3n &#8211; Adquirida el: 01.12.21 11:15 por Ronny Svejda<br \/>\n\u00a9 ThomBal &#8211; stock.adobe.com &#8211; Valla de gaviones en el jard\u00edn &#8211; Adquirido el: 01.12.21 11:11 por Ronny Svejda<br \/>\n\u00a9 Jeanette Dietl &#8211; stock.adobe.com &#8211; Muro de piedra natural &#8211; Adquirido el: 01.12.21 02:15 por Ronny Svejda<br \/>\n\u00a9 cameris &#8211; stock.adobe.com &#8211; Trabajos de pavimentaci\u00f3n &#8211; Adquirido el: 01.12.21 02:09 por Ronny Svejda<br \/>\n\u00a9 schulzfoto &#8211; stock.adobe.com &#8211; Colocaci\u00f3n de adoquines, instalaciones exteriores &#8211; Adquirida el: 01.12.21 02:03 por Ronny Svejda<br \/>\n\u00a9 schulzfoto &#8211; stock.adobe.com &#8211; Pavimento moderno, instalaciones exteriores &#8211; Adquirida el: 01.12.21 01:58 por Ronny Svejda<br \/>\n\u00a9 Marc Strauch &#8211; stock.adobe.com &#8211; Terraza &#8211; Adquirida el: 01.12.21 01:54 por Ronny Svejda<br \/>\n\u00a9 Thomas &#8211; stock.adobe.com &#8211; Sistema autom\u00e1tico de riego de jardines &#8211; Adquirido el: 01.12.21 01:50 por Ronny Svejda<br \/>\n\u00a9 U. J. Alexander &#8211; stock.adobe.com &#8211; Riego de jard\u00edn con c\u00e9sped cuidado &#8211; Adquirida el: 01.12.21 01:48 por Ronny Svejda<br \/>\n\u00a9 anmuht.ch &#8211; stock.adobe.com &#8211; naturparadies hurstmoos-verein hindelbank burgdorf schweiz &#8211; Adquirida el: 01.12.21 01:46 por Ronny Svejda<br \/>\n\u00a9 Animaflora PicsStock &#8211; stock.adobe.com &#8211; Mantenimiento verde en un parque &#8211; Adquirido el: 01.12.21 01:36 por Ronny Svejda<br \/>\n\u00a9 Tatjana Balzer &#8211; stock.adobe.com &#8211; primavera, jard\u00edn, flores, camino de jard\u00edn &#8211; Adquirida el: 01.12.21 01:33 por Ronny Svejda<br \/>\n\u00a9 ThomBal &#8211; stock.adobe.com &#8211; Jard\u00edn delantero cuidado con con\u00edferas &#8211; Adquirida el: 01.12.21 01:31 por Ronny Svejda<br \/>\n\u00a9 scherbi &#8211; stock.adobe.com &#8211; Parque p\u00fablico &#8211; Adquirida el: 01.12.21 01:27 por Ronny Svejda<br \/>\n\u00a9 Andrea &#8211; stock.adobe.com &#8211; Jard\u00edn bajo el sol &#8211; Adquirido el: 01.12.21 01:08 por Ronny Svejda<br \/>\n\u00a9 ThomBal &#8211; stock.adobe.com &#8211; Jard\u00edn de rocas moderno &#8211; Adquirido el: 01.12.21 01:05 por Ronny Svejda<br \/>\n\u00a9 subjob &#8211; stock.adobe.com &#8211; Jard\u00edn de rocas moderno &#8211; Adquirida el: 04.08.21 10:31 por Ronny Svejda<br \/>\n\u00a9 mashiki &#8211; stock.adobe.com &#8211; jard\u00edn privado de verano con la hortensia Annabelle en flor. Borde de c\u00e9sped con curvas, bonito camino. Dise\u00f1o paisaj\u00edstico en estilo cottage ingl\u00e9s. &#8211; Adquirido el: 28.11.21 22:55 por Ronny Svejda<br \/>\n\u00a9 manuta &#8211; stock.adobe.com &#8211; Hermoso jard\u00edn con \u00e1rboles en flor durante la primavera, Gales, tama\u00f1o bandera &#8211; Adquirida el: 28.11.21 22:56 por Ronny Svejda<\/p>\n<h3>5 Validez jur\u00eddica del presente aviso legal<\/h3>\n<p>Esta cl\u00e1usula de exenci\u00f3n de responsabilidad debe considerarse parte de la publicaci\u00f3n en Internet desde la que se le ha remitido. Si algunas secciones o t\u00e9rminos individuales de esta declaraci\u00f3n no son legales o correctos, el contenido o validez de las otras partes no se ver\u00e1n afectados por este hecho.<\/p>\n<\/div>\n<\/div><\/div><\/div><\/div><\/div><div class=\"fusion-fullwidth fullwidth-box fusion-builder-row-2 fusion-flex-container fusion-parallax-none nonhundred-percent-fullwidth non-hundred-percent-height-scrolling fusion-no-small-visibility lazyload\" style=\"--awb-border-radius-top-left:0px;--awb-border-radius-top-right:0px;--awb-border-radius-bottom-right:0px;--awb-border-radius-bottom-left:0px;--awb-padding-top:90px;--awb-padding-bottom:90px;--awb-background-image:linear-gradient(0deg, #231f20 0%,rgba(255,255,255,0) 100%);;--awb-background-size:cover;--awb-flex-wrap:wrap;\" data-bg=\"https:\/\/www.rs-multiservicio.com\/\/wp-content\/uploads\/2021\/11\/Gartenbau-und-Landschaftsbau-Stadthagen-Bueckeburg-Minden-Footer.jpg\" data-bg-gradient=\"linear-gradient(0deg, #231f20 0%,rgba(255,255,255,0) 100%)\" ><div class=\"fusion-builder-row fusion-row fusion-flex-align-items-stretch fusion-flex-content-wrap\" style=\"max-width:1144px;margin-left: calc(-4% \/ 2 );margin-right: calc(-4% \/ 2 );\"><div class=\"fusion-layout-column fusion_builder_column fusion-builder-column-1 fusion_builder_column_1_2 1_2 fusion-flex-column\" style=\"--awb-bg-size:cover;--awb-width-large:50%;--awb-margin-top-large:0px;--awb-spacing-right-large:3.84%;--awb-margin-bottom-large:0px;--awb-spacing-left-large:3.84%;--awb-width-medium:100%;--awb-spacing-right-medium:1.92%;--awb-spacing-left-medium:1.92%;--awb-width-small:100%;--awb-spacing-right-small:1.92%;--awb-spacing-left-small:1.92%;\"><div class=\"fusion-column-wrapper fusion-column-has-shadow fusion-flex-justify-content-flex-start fusion-content-layout-column\"><div class=\"fusion-title title fusion-title-3 fusion-sep-none fusion-title-text fusion-title-size-two\" style=\"--awb-text-color:#ffffff;--awb-font-size:30px;\"><h2 class=\"fusion-title-heading title-heading-left fusion-responsive-typography-calculated\" style=\"font-family:&quot;Montserrat&quot;;font-style:normal;font-weight:500;margin:0;font-size:1em;--fontSize:30;line-height:1.5;\">Al jard\u00edn de los sue\u00f1os<\/h2><\/div><div class=\"fusion-text fusion-text-2\" style=\"--awb-text-transform:none;\"><p><span style=\"color: #ffffff;\">Esperamos poder asesorarle y ayudarle a hacer realidad el sue\u00f1o de su jard\u00edn. <\/span><\/p>\n<\/div><\/div><\/div><div class=\"fusion-layout-column fusion_builder_column fusion-builder-column-2 fusion_builder_column_1_2 1_2 fusion-flex-column\" style=\"--awb-bg-size:cover;--awb-width-large:50%;--awb-margin-top-large:0px;--awb-spacing-right-large:3.84%;--awb-margin-bottom-large:0px;--awb-spacing-left-large:3.84%;--awb-width-medium:100%;--awb-spacing-right-medium:1.92%;--awb-spacing-left-medium:1.92%;--awb-width-small:100%;--awb-spacing-right-small:1.92%;--awb-spacing-left-small:1.92%;\"><div class=\"fusion-column-wrapper fusion-column-has-shadow fusion-flex-justify-content-center fusion-content-layout-column\"><div style=\"text-align:right;\"><a class=\"fusion-button button-flat fusion-button-default-size button-default fusion-button-default button-1 fusion-button-default-span fusion-button-default-type\" target=\"_self\" href=\"https:\/\/www.rs-multiservicio.com\/es\/referencias\/\"><span class=\"fusion-button-text\">Nuestras referencias<\/span><\/a><\/div><\/div><\/div><\/div><\/div>\n<\/p>\n","protected":false},"excerpt":{"rendered":"","protected":false},"author":1,"featured_media":0,"parent":0,"menu_order":0,"comment_status":"closed","ping_status":"closed","template":"100-width.php","meta":{"footnotes":""},"class_list":["post-1630","page","type-page","status-publish","hentry"],"yoast_head":"<!-- This site is optimized with the Yoast SEO plugin v27.5 - https:\/\/yoast.com\/product\/yoast-seo-wordpress\/ -->\n<title>Pie de imprenta - RS-Multiservicio para jardines y casas<\/title>\n<meta name=\"robots\" content=\"index, follow, max-snippet:-1, max-image-preview:large, max-video-preview:-1\" \/>\n<link rel=\"canonical\" href=\"https:\/\/www.rs-multiservicio.com\/es\/pie-de-imprenta\/\" \/>\n<meta property=\"og:locale\" content=\"es_ES\" \/>\n<meta property=\"og:type\" content=\"article\" \/>\n<meta property=\"og:title\" content=\"Pie de imprenta - RS-Multiservicio para jardines y casas\" \/>\n<meta property=\"og:url\" content=\"https:\/\/www.rs-multiservicio.com\/es\/pie-de-imprenta\/\" \/>\n<meta property=\"og:site_name\" content=\"RS-Multiservicio para jardines y casas\" \/>\n<meta property=\"article:modified_time\" content=\"2023-12-21T21:16:34+00:00\" \/>\n<meta name=\"twitter:card\" content=\"summary_large_image\" \/>\n<meta name=\"twitter:label1\" content=\"Tiempo de lectura\" \/>\n\t<meta name=\"twitter:data1\" content=\"12 minutos\" \/>\n<script type=\"application\/ld+json\" class=\"yoast-schema-graph\">{\"@context\":\"https:\\\/\\\/schema.org\",\"@graph\":[{\"@type\":\"WebPage\",\"@id\":\"https:\\\/\\\/www.rs-multiservicio.com\\\/es\\\/pie-de-imprenta\\\/\",\"url\":\"https:\\\/\\\/www.rs-multiservicio.com\\\/es\\\/pie-de-imprenta\\\/\",\"name\":\"Pie de imprenta - RS-Multiservicio para jardines y casas\",\"isPartOf\":{\"@id\":\"https:\\\/\\\/www.rs-multiservicio.com\\\/es\\\/#website\"},\"datePublished\":\"2021-11-29T19:08:51+00:00\",\"dateModified\":\"2023-12-21T21:16:34+00:00\",\"breadcrumb\":{\"@id\":\"https:\\\/\\\/www.rs-multiservicio.com\\\/es\\\/pie-de-imprenta\\\/#breadcrumb\"},\"inLanguage\":\"es\",\"potentialAction\":[{\"@type\":\"ReadAction\",\"target\":[\"https:\\\/\\\/www.rs-multiservicio.com\\\/es\\\/pie-de-imprenta\\\/\"]}]},{\"@type\":\"BreadcrumbList\",\"@id\":\"https:\\\/\\\/www.rs-multiservicio.com\\\/es\\\/pie-de-imprenta\\\/#breadcrumb\",\"itemListElement\":[{\"@type\":\"ListItem\",\"position\":1,\"name\":\"Startseite\",\"item\":\"https:\\\/\\\/www.rs-multiservicio.com\\\/es\\\/\"},{\"@type\":\"ListItem\",\"position\":2,\"name\":\"Pie de imprenta\"}]},{\"@type\":\"WebSite\",\"@id\":\"https:\\\/\\\/www.rs-multiservicio.com\\\/es\\\/#website\",\"url\":\"https:\\\/\\\/www.rs-multiservicio.com\\\/es\\\/\",\"name\":\"RS-Multiservicio para jardines y casas\",\"description\":\"El jard\u00edn de sus sue\u00f1os\",\"potentialAction\":[{\"@type\":\"SearchAction\",\"target\":{\"@type\":\"EntryPoint\",\"urlTemplate\":\"https:\\\/\\\/www.rs-multiservicio.com\\\/es\\\/?s={search_term_string}\"},\"query-input\":{\"@type\":\"PropertyValueSpecification\",\"valueRequired\":true,\"valueName\":\"search_term_string\"}}],\"inLanguage\":\"es\"}]}<\/script>\n<!-- \/ Yoast SEO plugin. -->","yoast_head_json":{"title":"Pie de imprenta - RS-Multiservicio para jardines y casas","robots":{"index":"index","follow":"follow","max-snippet":"max-snippet:-1","max-image-preview":"max-image-preview:large","max-video-preview":"max-video-preview:-1"},"canonical":"https:\/\/www.rs-multiservicio.com\/es\/pie-de-imprenta\/","og_locale":"es_ES","og_type":"article","og_title":"Pie de imprenta - RS-Multiservicio para jardines y casas","og_url":"https:\/\/www.rs-multiservicio.com\/es\/pie-de-imprenta\/","og_site_name":"RS-Multiservicio para jardines y casas","article_modified_time":"2023-12-21T21:16:34+00:00","twitter_card":"summary_large_image","twitter_misc":{"Tiempo de lectura":"12 minutos"},"schema":{"@context":"https:\/\/schema.org","@graph":[{"@type":"WebPage","@id":"https:\/\/www.rs-multiservicio.com\/es\/pie-de-imprenta\/","url":"https:\/\/www.rs-multiservicio.com\/es\/pie-de-imprenta\/","name":"Pie de imprenta - RS-Multiservicio para jardines y casas","isPartOf":{"@id":"https:\/\/www.rs-multiservicio.com\/es\/#website"},"datePublished":"2021-11-29T19:08:51+00:00","dateModified":"2023-12-21T21:16:34+00:00","breadcrumb":{"@id":"https:\/\/www.rs-multiservicio.com\/es\/pie-de-imprenta\/#breadcrumb"},"inLanguage":"es","potentialAction":[{"@type":"ReadAction","target":["https:\/\/www.rs-multiservicio.com\/es\/pie-de-imprenta\/"]}]},{"@type":"BreadcrumbList","@id":"https:\/\/www.rs-multiservicio.com\/es\/pie-de-imprenta\/#breadcrumb","itemListElement":[{"@type":"ListItem","position":1,"name":"Startseite","item":"https:\/\/www.rs-multiservicio.com\/es\/"},{"@type":"ListItem","position":2,"name":"Pie de imprenta"}]},{"@type":"WebSite","@id":"https:\/\/www.rs-multiservicio.com\/es\/#website","url":"https:\/\/www.rs-multiservicio.com\/es\/","name":"RS-Multiservicio para jardines y casas","description":"El jard\u00edn de sus sue\u00f1os","potentialAction":[{"@type":"SearchAction","target":{"@type":"EntryPoint","urlTemplate":"https:\/\/www.rs-multiservicio.com\/es\/?s={search_term_string}"},"query-input":{"@type":"PropertyValueSpecification","valueRequired":true,"valueName":"search_term_string"}}],"inLanguage":"es"}]}},"_links":{"self":[{"href":"https:\/\/www.rs-multiservicio.com\/es\/wp-json\/wp\/v2\/pages\/1630","targetHints":{"allow":["GET"]}}],"collection":[{"href":"https:\/\/www.rs-multiservicio.com\/es\/wp-json\/wp\/v2\/pages"}],"about":[{"href":"https:\/\/www.rs-multiservicio.com\/es\/wp-json\/wp\/v2\/types\/page"}],"author":[{"embeddable":true,"href":"https:\/\/www.rs-multiservicio.com\/es\/wp-json\/wp\/v2\/users\/1"}],"replies":[{"embeddable":true,"href":"https:\/\/www.rs-multiservicio.com\/es\/wp-json\/wp\/v2\/comments?post=1630"}],"version-history":[{"count":13,"href":"https:\/\/www.rs-multiservicio.com\/es\/wp-json\/wp\/v2\/pages\/1630\/revisions"}],"predecessor-version":[{"id":2414,"href":"https:\/\/www.rs-multiservicio.com\/es\/wp-json\/wp\/v2\/pages\/1630\/revisions\/2414"}],"wp:attachment":[{"href":"https:\/\/www.rs-multiservicio.com\/es\/wp-json\/wp\/v2\/media?parent=1630"}],"curies":[{"name":"wp","href":"https:\/\/api.w.org\/{rel}","templated":true}]}}