{"id":1631,"date":"2021-11-29T08:23:28","date_gmt":"2021-11-29T08:23:28","guid":{"rendered":"https:\/\/www.rs-multiservicio.com\/\/proteccion-de-datos\/"},"modified":"2023-12-21T21:02:13","modified_gmt":"2023-12-21T21:02:13","slug":"proteccion-de-datos","status":"publish","type":"page","link":"https:\/\/www.rs-multiservicio.com\/es\/proteccion-de-datos\/","title":{"rendered":"Protecci\u00f3n de datos"},"content":{"rendered":"<p><div class=\"fusion-fullwidth fullwidth-box fusion-builder-row-1 fusion-flex-container nonhundred-percent-fullwidth non-hundred-percent-height-scrolling\" style=\"--awb-background-position:center bottom;--awb-border-radius-top-left:0px;--awb-border-radius-top-right:0px;--awb-border-radius-bottom-right:0px;--awb-border-radius-bottom-left:0px;--awb-padding-top:4%;--awb-padding-bottom:8%;--awb-flex-wrap:wrap;\" ><div class=\"fusion-builder-row fusion-row fusion-flex-align-items-flex-start fusion-flex-content-wrap\" style=\"max-width:1144px;margin-left: calc(-4% \/ 2 );margin-right: calc(-4% \/ 2 );\"><div class=\"fusion-layout-column fusion_builder_column fusion-builder-column-0 fusion_builder_column_1_1 1_1 fusion-flex-column fusion-animated\" style=\"--awb-bg-size:cover;--awb-width-large:100%;--awb-margin-top-large:0px;--awb-spacing-right-large:1.92%;--awb-margin-bottom-large:60px;--awb-spacing-left-large:1.92%;--awb-width-medium:100%;--awb-spacing-right-medium:1.92%;--awb-spacing-left-medium:1.92%;--awb-width-small:100%;--awb-spacing-right-small:1.92%;--awb-spacing-left-small:1.92%;\" data-animationType=\"fadeInDown\" data-animationDuration=\"1.0\" data-animationOffset=\"top-into-view\"><div class=\"fusion-column-wrapper fusion-column-has-shadow fusion-flex-justify-content-flex-start fusion-content-layout-column\"><div class=\"fusion-title title fusion-title-1 fusion-sep-none fusion-title-center fusion-title-text fusion-title-size-one\"><h1 class=\"fusion-title-heading title-heading-center fusion-responsive-typography-calculated\" style=\"margin:0;--fontSize:70;line-height:1.4;\">Protecci\u00f3n de datos<\/h1><\/div><div class=\"fusion-title title fusion-title-2 fusion-sep-none fusion-title-center fusion-title-text fusion-title-size-two\"><h2 class=\"fusion-title-heading title-heading-center fusion-responsive-typography-calculated\" style=\"margin:0;--fontSize:30;line-height:1.5;\">Declaraciones sobre protecci\u00f3n de datos seg\u00fan el GDPR<\/h2><\/div><div class=\"fusion-text fusion-text-1\" style=\"--awb-text-transform:none;\"><h3>Centro responsable de la protecci\u00f3n de datos<\/h3>\n<p>El responsable del tratamiento en el sentido de la legislaci\u00f3n sobre protecci\u00f3n de datos, en particular el Reglamento general de protecci\u00f3n de datos (RGPD) de la UE, es<\/p>\n<p><strong>RS-Multiservicio para jardines y casas<\/strong><br \/>\nRonny Svejda<br \/>\nLGAR Taramay 195<br \/>\nApartado Correos 231<br \/>\n18690 Almu\u00f1\u00e9car (Granada)<\/p>\n<p>Correo electr\u00f3nico: <a href=\"mailto:info@rs-multiservicio.com\" rel=\"nofollow\">info@rs-multiservicio.com<\/a><br \/>\n<strong>M\u00f3vil (Whatsapp): <\/strong><a style=\"color: #6d6d6d;\" href=\"tel:+34675667548\">+34 675667548<\/a><br \/>\n<strong>M\u00f3vil: <\/strong><a style=\"color: #6d6d6d;\" href=\"tel:+491778299220\">+49 177 82 99 220<\/a><\/p>\n<div class=\"NodeText\">\n<h3>Sus derechos como interesado<\/h3>\n<p>Puede ejercer los siguientes derechos en cualquier momento utilizando los datos de contacto de nuestro responsable de protecci\u00f3n de datos:<\/p>\n<p><em>&#8211; Informaci\u00f3n sobre sus datos almacenados por nosotros y su tratamiento (Art. 15 GDPR),<br \/>\n&#8211; Correcci\u00f3n de datos personales incorrectos (Art. 16 GDPR),<br \/>\n&#8211; Supresi\u00f3n de sus datos almacenados por nosotros (Art. 17 GDPR),<br \/>\n&#8211; Restricci\u00f3n del tratamiento de datos si a\u00fan no estamos autorizados a suprimir sus datos debido a obligaciones legales (art. 18 del RGPD),<br \/>\n&#8211; Oposici\u00f3n al tratamiento de sus datos por nuestra parte (art. 21 del RGPD) y<br \/>\n&#8211; Portabilidad de los datos, siempre que usted haya dado su consentimiento al tratamiento de los datos o haya celebrado un contrato con nosotros (art. 20 del RGPD).<\/em><\/p>\n<p>Si nos ha dado su consentimiento, puede revocarlo en cualquier momento con efectos para el futuro.<\/p>\n<p>Puede presentar una reclamaci\u00f3n ante una autoridad de control en cualquier momento, por ejemplo, ante la autoridad de control competente en el Estado federado de su lugar de residencia o ante la autoridad responsable de nosotros como responsables del tratamiento.<\/p>\n<p>Encontrar\u00e1 una lista de autoridades supervisoras (para el sector no p\u00fablico) con sus direcciones en: <a href=\"https:\/\/www.bfdi.bund.de\/DE\/Infothek\/Anschriften_Links\/anschriften_links-node.html\" target=\"_blank\" rel=\"nofollow noopener noreferrer\">https:\/\/www.bfdi.bund.de\/DE\/Infothek\/Anschriften_Links\/anschriften_links-node.html.<\/a><\/p>\n<h3>Recogida de informaci\u00f3n general al visitar nuestro sitio web<\/h3>\n<p><strong>Naturaleza y finalidad del tratamiento:<\/strong><br \/>\nCuando accede a nuestro sitio web, es decir, si no se registra ni transmite informaci\u00f3n de otro modo, se recopila autom\u00e1ticamente informaci\u00f3n de car\u00e1cter general. Esta informaci\u00f3n (archivos de registro del servidor) incluye, por ejemplo, el tipo de navegador web, el sistema operativo utilizado, el nombre de dominio de su proveedor de servicios de Internet, su direcci\u00f3n IP y similares.<\/p>\n<p>Se procesan, en particular, para los siguientes fines:<\/p>\n<p><em>&#8211; Garantizar una conexi\u00f3n fluida con el sitio web,<br \/>\n&#8211; Garantizar el buen uso de nuestro sitio web,<br \/>\n&#8211; Evaluaci\u00f3n de la seguridad y estabilidad del sistema y<br \/>\n&#8211; para otros fines administrativos.<\/em><\/p>\n<p>No utilizamos sus datos para sacar conclusiones sobre su persona. Podemos tratar este tipo de informaci\u00f3n. evaluados estad\u00edsticamente para optimizar nuestro sitio web y la tecnolog\u00eda que lo sustenta.<\/p>\n<p><strong>Base jur\u00eddica:<\/strong><br \/>\nEl tratamiento se lleva a cabo de conformidad con el art. 6 p\u00e1rr. 1 lit. f GDPR sobre la base de nuestro inter\u00e9s leg\u00edtimo en mejorar la estabilidad y funcionalidad de nuestro sitio web.<\/p>\n<p><strong>Beneficiario:<\/strong><br \/>\nLos destinatarios de los datos pueden ser proveedores de servicios t\u00e9cnicos que act\u00faan como procesadores para el funcionamiento y mantenimiento de nuestro sitio web.<\/p>\n<p><strong>Duraci\u00f3n del almacenamiento:<\/strong><br \/>\nLos datos se suprimir\u00e1n en cuanto dejen de ser necesarios para los fines para los que se recogieron. Este suele ser el caso de los datos utilizados para proporcionar el sitio web cuando ha finalizado la sesi\u00f3n correspondiente.<\/p>\n<p><strong>Disposici\u00f3n prescrita o exigida:<\/strong><br \/>\nEl suministro de los datos personales mencionados no es legal ni contractualmente obligatorio. Sin embargo, sin la direcci\u00f3n IP no se puede garantizar el servicio y la funcionalidad de nuestro sitio web. Adem\u00e1s, algunos servicios pueden no estar disponibles o estar restringidos. Por esta raz\u00f3n, se excluye una objeci\u00f3n.<\/p>\n<h3>Formulario de contacto<\/h3>\n<p><strong>Naturaleza y finalidad del tratamiento:<\/strong><br \/>\nLos datos que introduzca se almacenar\u00e1n con el fin de mantener una comunicaci\u00f3n personalizada con usted. Para ello, se requiere una direcci\u00f3n de correo electr\u00f3nico v\u00e1lida y su nombre. Se utiliza para asignar la consulta y responderla posteriormente. La especificaci\u00f3n de otros datos es opcional.<\/p>\n<p><strong>Base jur\u00eddica:<\/strong><br \/>\nLos datos introducidos en el formulario de contacto se procesan sobre la base de un inter\u00e9s leg\u00edtimo (Art. 6 p\u00e1rrafo 1 lit. f GDPR).<\/p>\n<p>Con el formulario de contacto queremos facilitarle el contacto con nosotros. La informaci\u00f3n que proporcione se almacenar\u00e1 con el fin de procesar su consulta y para posibles preguntas de seguimiento.<\/p>\n<p>Si se pone en contacto con nosotros para solicitar un presupuesto, los datos introducidos en el formulario de contacto se procesar\u00e1n para llevar a cabo medidas precontractuales (Art. 6 p\u00e1rrafo 1 lit. b GDPR).<\/p>\n<p><strong>Beneficiario:<\/strong><br \/>\nLos destinatarios de los datos pueden ser encargados del tratamiento.<\/p>\n<p><strong>Duraci\u00f3n del almacenamiento:<\/strong><br \/>\nLos datos se suprimir\u00e1n a m\u00e1s tardar 6 meses despu\u00e9s de que se haya tramitado la consulta.<\/p>\n<p>Si existe una relaci\u00f3n contractual, estamos sujetos a los periodos de conservaci\u00f3n legales seg\u00fan el C\u00f3digo de Comercio alem\u00e1n (HGB) y eliminamos sus datos una vez transcurridos dichos periodos.<br \/>\n<strong>Disposici\u00f3n prescrita o exigida:<\/strong><br \/>\nEl suministro de sus datos personales es voluntario. No obstante, s\u00f3lo podremos tramitar su consulta si nos facilita su nombre, direcci\u00f3n de correo electr\u00f3nico y el motivo de la consulta.<\/p>\n<h3>Uso de bibliotecas de scripts (Google Webfonts)<\/h3>\n<p><strong>Naturaleza y finalidad del tratamiento:<\/strong><br \/>\nCon el fin de mostrar nuestro contenido de forma correcta y gr\u00e1ficamente atractiva en todos los navegadores, utilizamos \u00abGoogle Web Fonts\u00bb de Google LLC (1600 Amphitheatre Parkway, Mountain View, CA 94043, EE.UU.; en adelante, \u00abGoogle\u00bb) para mostrar fuentes en este sitio web.<\/p>\n<p>La pol\u00edtica de privacidad del operador de la biblioteca Google puede consultarse aqu\u00ed: <a href=\"https:\/\/www.google.com\/policies\/privacy\/\">https:\/\/www.google.com\/policies\/privacy\/<\/a><br \/>\n<strong>Base jur\u00eddica:<\/strong><br \/>\nLa base legal para la integraci\u00f3n de Google Webfonts y la correspondiente transferencia de datos a Google es su consentimiento (Art. 6 p\u00e1rrafo 1 lit. a GDPR).<br \/>\n<strong>Beneficiario:<\/strong><br \/>\nLa llamada a bibliotecas de scripts o de fuentes desencadena autom\u00e1ticamente una conexi\u00f3n con el operador de la biblioteca. Es te\u00f3ricamente posible -pero actualmente tampoco est\u00e1 claro si y, en caso afirmativo, con qu\u00e9 fines- que el operador recopile datos de Google en este caso.<br \/>\n<strong>Duraci\u00f3n del almacenamiento:<\/strong><br \/>\nNo recopilamos ning\u00fan dato personal a trav\u00e9s de la integraci\u00f3n de Google Web Fonts.<\/p>\n<p>Encontrar\u00e1 m\u00e1s informaci\u00f3n sobre Google Web Fonts en <a href=\"https:\/\/developers.google.com\/fonts\/faq\">https:\/\/developers.google.com\/fonts\/faq<\/a> y en la pol\u00edtica de privacidad de Google: <a href=\"https:\/\/www.google.com\/policies\/privacy\/\">https:\/\/www.google.com\/policies\/privacy\/.<\/a><br \/>\n<strong>Transferencia a un tercer pa\u00eds:<\/strong><br \/>\nGoogle procesa sus datos en EE.UU. y se ha sometido al Escudo de Privacidad UE-EE.UU. <a href=\"https:\/\/www.privacyshield.gov\/EU-US-Framework\">https:\/\/www.privacyshield.gov\/EU-US-Framework.<\/a><br \/>\n<strong>Disposici\u00f3n prescrita o exigida:<\/strong><br \/>\nEl suministro de datos personales no es obligatorio ni legal ni contractualmente. Sin embargo, no es posible mostrar correctamente el contenido de las fuentes est\u00e1ndar sin \u00e9l.<br \/>\n<strong>Revocaci\u00f3n del consentimiento:<\/strong><br \/>\nEl lenguaje de programaci\u00f3n JavaScript se utiliza habitualmente para mostrar los contenidos. Por lo tanto, puede oponerse al tratamiento de datos desactivando la ejecuci\u00f3n de JavaScript en su navegador o instalando un bloqueador de JavaScript. Tenga en cuenta que esto puede dar lugar a restricciones funcionales en el sitio web.<\/p>\n<h3>Transferencia a un tercer pa\u00eds:<\/h3>\n<p>Google procesa sus datos en EE.UU. y se ha sometido al Escudo de Privacidad UE-EE.UU. <a href=\"https:\/\/www.privacyshield.gov\/EU-US-Framework\">https:\/\/www.privacyshield.gov\/EU-US-Framework.<\/a><\/p>\n<h3>Revocaci\u00f3n del consentimiento:<\/h3>\n<p>Si no desea que Google recopile, procese o utilice datos sobre usted a trav\u00e9s de nuestro sitio web, puede desactivar JavaScript en la configuraci\u00f3n de su navegador. En este caso, sin embargo, no podr\u00e1 utilizar nuestro sitio web, o s\u00f3lo de forma limitada.<\/p>\n<h3>Disposici\u00f3n prescrita o exigida:<\/h3>\n<p>El suministro de sus datos personales es voluntario y se basa \u00fanicamente en su consentimiento. Si impide el acceso, pueden producirse restricciones funcionales en el sitio web.<\/p>\n<h3>Plugins sociales<\/h3>\n<p><strong>Naturaleza y finalidad del tratamiento:<\/strong><br \/>\nLe ofrecemos la posibilidad de utilizar los denominados \u00abbotones de redes sociales\u00bb en nuestro sitio web. Para proteger sus datos, confiamos en la soluci\u00f3n \u00abShariff\u00bb para su implantaci\u00f3n. En consecuencia, estos botones s\u00f3lo se integran en el sitio web como un gr\u00e1fico que contiene un enlace al sitio web correspondiente del proveedor del bot\u00f3n. Al hacer clic en el gr\u00e1fico, se le redirigir\u00e1 a los servicios del proveedor correspondiente. S\u00f3lo entonces se enviar\u00e1n sus datos a los respectivos proveedores. Si no hace clic en el gr\u00e1fico, no se produce ning\u00fan intercambio entre usted y los proveedores de los botones de las redes sociales. Encontrar\u00e1 informaci\u00f3n sobre la recopilaci\u00f3n y el uso de sus datos en las redes sociales en las respectivas condiciones de uso de los proveedores correspondientes. Puede encontrar m\u00e1s informaci\u00f3n sobre la soluci\u00f3n Shariff aqu\u00ed: <a href=\"http:\/\/www.heise.de\/ct\/artikel\/Shariff-Social-Media-Buttons-mit-Datenschutz-2467514.html\">http:\/\/www.heise.de\/ct\/artikel\/Shariff-Social-Media-Buttons-mit-Datenschutz-2467514.html<\/a><\/p>\n<p>Hemos integrado los botones de las redes sociales de las siguientes empresas en nuestro sitio web:<br \/>\nFacebook, Instagram<\/p>\n<h3>Cifrado SSL<\/h3>\n<p>Para proteger la seguridad de sus datos durante la transmisi\u00f3n, utilizamos m\u00e9todos de cifrado de \u00faltima generaci\u00f3n (por ejemplo, SSL) a trav\u00e9s de HTTPS.<\/p>\n<h3>Informaci\u00f3n sobre su derecho de oposici\u00f3n de conformidad con el art\u00edculo 21 del RGPD<\/h3>\n<p><strong>Derecho individual de oposici\u00f3n<\/strong><br \/>\nUsted tiene derecho a oponerse en cualquier momento, por motivos relacionados con su situaci\u00f3n particular, al tratamiento de los datos personales que le conciernen, basado en el art\u00edculo 6, apartado 1, del RGPD. 1 lit. f GDPR (tratamiento de datos sobre la base de una ponderaci\u00f3n de intereses); esto tambi\u00e9n se aplica a la elaboraci\u00f3n de perfiles basada en esta disposici\u00f3n en el sentido del art. 4 n.\u00ba 4 GDPR.<br \/>\nSi se opone, dejaremos de tratar sus datos personales a menos que podamos demostrar motivos leg\u00edtimos imperiosos para el tratamiento que prevalezcan sobre sus intereses, derechos y libertades, o que el tratamiento sirva para el establecimiento, ejercicio o defensa de reclamaciones legales.<\/p>\n<h3>Destinatario de una objeci\u00f3n<\/h3>\n<p>Ronny Svejda<br \/>\nLGAR Taramay 195<br \/>\nApartado Correos 231<br \/>\n18690 Almu\u00f1\u00e9car (Granada)<\/p>\n<h3>Cambios en nuestra pol\u00edtica de privacidad<\/h3>\n<p>Nos reservamos el derecho de adaptar esta pol\u00edtica de privacidad para que siempre cumpla con los requisitos legales vigentes o de implementar cambios en nuestros servicios en la pol\u00edtica de privacidad, por ejemplo, al introducir nuevos servicios. La nueva pol\u00edtica de privacidad se aplicar\u00e1 a su pr\u00f3xima visita.<\/p>\n<h3>Preguntas para el responsable de la protecci\u00f3n de datos<\/h3>\n<p>Si tiene alguna pregunta sobre la protecci\u00f3n de datos, env\u00edenos un correo electr\u00f3nico o p\u00f3ngase en contacto directamente con la persona responsable de la protecci\u00f3n de datos en nuestra organizaci\u00f3n:<\/p>\n<p>Ronny Svejda<br \/>\nLGAR Taramay 195<br \/>\nApartado Correos 231<br \/>\n18690 Almu\u00f1\u00e9car (Granada)<\/p>\n<p><em>La pol\u00edtica de privacidad fue creada con el <\/em><em><a href=\"https:\/\/www.activemind.de\/datenschutz\/datenschutzhinweis-generator\/\" target=\"_blank\" rel=\"noopener noreferrer\">Privacy Policy Generator de activeMind AG<\/a> (Versi\u00f3n 2020-09-30).<\/em><\/p>\n<\/div>\n<\/div><\/div><\/div><\/div><\/div><div class=\"fusion-fullwidth fullwidth-box fusion-builder-row-2 fusion-flex-container fusion-parallax-none nonhundred-percent-fullwidth non-hundred-percent-height-scrolling fusion-no-small-visibility lazyload\" style=\"--awb-border-radius-top-left:0px;--awb-border-radius-top-right:0px;--awb-border-radius-bottom-right:0px;--awb-border-radius-bottom-left:0px;--awb-padding-top:90px;--awb-padding-bottom:90px;--awb-background-image:linear-gradient(0deg, #231f20 0%,rgba(255,255,255,0) 100%);;--awb-background-size:cover;--awb-flex-wrap:wrap;\" data-bg=\"https:\/\/www.rs-multiservicio.com\/\/wp-content\/uploads\/2021\/11\/Gartenbau-und-Landschaftsbau-Stadthagen-Bueckeburg-Minden-Footer.jpg\" data-bg-gradient=\"linear-gradient(0deg, #231f20 0%,rgba(255,255,255,0) 100%)\" ><div class=\"fusion-builder-row fusion-row fusion-flex-align-items-stretch fusion-flex-content-wrap\" style=\"max-width:1144px;margin-left: calc(-4% \/ 2 );margin-right: calc(-4% \/ 2 );\"><div class=\"fusion-layout-column fusion_builder_column fusion-builder-column-1 fusion_builder_column_1_2 1_2 fusion-flex-column\" style=\"--awb-bg-size:cover;--awb-width-large:50%;--awb-margin-top-large:0px;--awb-spacing-right-large:3.84%;--awb-margin-bottom-large:0px;--awb-spacing-left-large:3.84%;--awb-width-medium:100%;--awb-spacing-right-medium:1.92%;--awb-spacing-left-medium:1.92%;--awb-width-small:100%;--awb-spacing-right-small:1.92%;--awb-spacing-left-small:1.92%;\"><div class=\"fusion-column-wrapper fusion-column-has-shadow fusion-flex-justify-content-flex-start fusion-content-layout-column\"><div class=\"fusion-title title fusion-title-3 fusion-sep-none fusion-title-text fusion-title-size-two\" style=\"--awb-text-color:#ffffff;--awb-font-size:30px;\"><h2 class=\"fusion-title-heading title-heading-left fusion-responsive-typography-calculated\" style=\"font-family:&quot;Montserrat&quot;;font-style:normal;font-weight:500;margin:0;font-size:1em;--fontSize:30;line-height:1.5;\">Al jard\u00edn de los sue\u00f1os<\/h2><\/div><div class=\"fusion-text fusion-text-2\" style=\"--awb-text-transform:none;\"><p><span style=\"color: #ffffff;\">Esperamos poder asesorarle y ayudarle a hacer realidad el sue\u00f1o de su jard\u00edn. <\/span><\/p>\n<\/div><\/div><\/div><div class=\"fusion-layout-column fusion_builder_column fusion-builder-column-2 fusion_builder_column_1_2 1_2 fusion-flex-column\" style=\"--awb-bg-size:cover;--awb-width-large:50%;--awb-margin-top-large:0px;--awb-spacing-right-large:3.84%;--awb-margin-bottom-large:0px;--awb-spacing-left-large:3.84%;--awb-width-medium:100%;--awb-spacing-right-medium:1.92%;--awb-spacing-left-medium:1.92%;--awb-width-small:100%;--awb-spacing-right-small:1.92%;--awb-spacing-left-small:1.92%;\"><div class=\"fusion-column-wrapper fusion-column-has-shadow fusion-flex-justify-content-center fusion-content-layout-column\"><div style=\"text-align:right;\"><a class=\"fusion-button button-flat fusion-button-default-size button-default fusion-button-default button-1 fusion-button-default-span fusion-button-default-type\" target=\"_self\" href=\"https:\/\/www.rs-multiservicio.com\/es\/referencias\/\"><span class=\"fusion-button-text\">Nuestras referencias<\/span><\/a><\/div><\/div><\/div><\/div><\/div>\n<\/p>\n","protected":false},"excerpt":{"rendered":"","protected":false},"author":1,"featured_media":0,"parent":0,"menu_order":0,"comment_status":"closed","ping_status":"closed","template":"100-width.php","meta":{"footnotes":""},"class_list":["post-1631","page","type-page","status-publish","hentry"],"yoast_head":"<!-- This site is optimized with the Yoast SEO plugin v27.6 - https:\/\/yoast.com\/product\/yoast-seo-wordpress\/ -->\n<title>Protecci\u00f3n de datos - RS-Multiservicio para jardines y casas<\/title>\n<meta name=\"robots\" content=\"index, follow, max-snippet:-1, max-image-preview:large, max-video-preview:-1\" \/>\n<link rel=\"canonical\" href=\"https:\/\/www.rs-multiservicio.com\/es\/proteccion-de-datos\/\" \/>\n<meta property=\"og:locale\" content=\"es_ES\" \/>\n<meta property=\"og:type\" content=\"article\" \/>\n<meta property=\"og:title\" content=\"Protecci\u00f3n de datos - RS-Multiservicio para jardines y casas\" \/>\n<meta property=\"og:url\" content=\"https:\/\/www.rs-multiservicio.com\/es\/proteccion-de-datos\/\" \/>\n<meta property=\"og:site_name\" content=\"RS-Multiservicio para jardines y casas\" \/>\n<meta property=\"article:modified_time\" content=\"2023-12-21T21:02:13+00:00\" \/>\n<meta name=\"twitter:card\" content=\"summary_large_image\" \/>\n<meta name=\"twitter:label1\" content=\"Tiempo de lectura\" \/>\n\t<meta name=\"twitter:data1\" content=\"14 minutos\" \/>\n<script type=\"application\/ld+json\" class=\"yoast-schema-graph\">{\"@context\":\"https:\\\/\\\/schema.org\",\"@graph\":[{\"@type\":\"WebPage\",\"@id\":\"https:\\\/\\\/www.rs-multiservicio.com\\\/es\\\/proteccion-de-datos\\\/\",\"url\":\"https:\\\/\\\/www.rs-multiservicio.com\\\/es\\\/proteccion-de-datos\\\/\",\"name\":\"Protecci\u00f3n de datos - RS-Multiservicio para jardines y casas\",\"isPartOf\":{\"@id\":\"https:\\\/\\\/www.rs-multiservicio.com\\\/es\\\/#website\"},\"datePublished\":\"2021-11-29T08:23:28+00:00\",\"dateModified\":\"2023-12-21T21:02:13+00:00\",\"breadcrumb\":{\"@id\":\"https:\\\/\\\/www.rs-multiservicio.com\\\/es\\\/proteccion-de-datos\\\/#breadcrumb\"},\"inLanguage\":\"es\",\"potentialAction\":[{\"@type\":\"ReadAction\",\"target\":[\"https:\\\/\\\/www.rs-multiservicio.com\\\/es\\\/proteccion-de-datos\\\/\"]}]},{\"@type\":\"BreadcrumbList\",\"@id\":\"https:\\\/\\\/www.rs-multiservicio.com\\\/es\\\/proteccion-de-datos\\\/#breadcrumb\",\"itemListElement\":[{\"@type\":\"ListItem\",\"position\":1,\"name\":\"Startseite\",\"item\":\"https:\\\/\\\/www.rs-multiservicio.com\\\/es\\\/\"},{\"@type\":\"ListItem\",\"position\":2,\"name\":\"Protecci\u00f3n de datos\"}]},{\"@type\":\"WebSite\",\"@id\":\"https:\\\/\\\/www.rs-multiservicio.com\\\/es\\\/#website\",\"url\":\"https:\\\/\\\/www.rs-multiservicio.com\\\/es\\\/\",\"name\":\"RS-Multiservicio para jardines y casas\",\"description\":\"El jard\u00edn de sus sue\u00f1os\",\"potentialAction\":[{\"@type\":\"SearchAction\",\"target\":{\"@type\":\"EntryPoint\",\"urlTemplate\":\"https:\\\/\\\/www.rs-multiservicio.com\\\/es\\\/?s={search_term_string}\"},\"query-input\":{\"@type\":\"PropertyValueSpecification\",\"valueRequired\":true,\"valueName\":\"search_term_string\"}}],\"inLanguage\":\"es\"}]}<\/script>\n<!-- \/ Yoast SEO plugin. -->","yoast_head_json":{"title":"Protecci\u00f3n de datos - RS-Multiservicio para jardines y casas","robots":{"index":"index","follow":"follow","max-snippet":"max-snippet:-1","max-image-preview":"max-image-preview:large","max-video-preview":"max-video-preview:-1"},"canonical":"https:\/\/www.rs-multiservicio.com\/es\/proteccion-de-datos\/","og_locale":"es_ES","og_type":"article","og_title":"Protecci\u00f3n de datos - RS-Multiservicio para jardines y casas","og_url":"https:\/\/www.rs-multiservicio.com\/es\/proteccion-de-datos\/","og_site_name":"RS-Multiservicio para jardines y casas","article_modified_time":"2023-12-21T21:02:13+00:00","twitter_card":"summary_large_image","twitter_misc":{"Tiempo de lectura":"14 minutos"},"schema":{"@context":"https:\/\/schema.org","@graph":[{"@type":"WebPage","@id":"https:\/\/www.rs-multiservicio.com\/es\/proteccion-de-datos\/","url":"https:\/\/www.rs-multiservicio.com\/es\/proteccion-de-datos\/","name":"Protecci\u00f3n de datos - RS-Multiservicio para jardines y casas","isPartOf":{"@id":"https:\/\/www.rs-multiservicio.com\/es\/#website"},"datePublished":"2021-11-29T08:23:28+00:00","dateModified":"2023-12-21T21:02:13+00:00","breadcrumb":{"@id":"https:\/\/www.rs-multiservicio.com\/es\/proteccion-de-datos\/#breadcrumb"},"inLanguage":"es","potentialAction":[{"@type":"ReadAction","target":["https:\/\/www.rs-multiservicio.com\/es\/proteccion-de-datos\/"]}]},{"@type":"BreadcrumbList","@id":"https:\/\/www.rs-multiservicio.com\/es\/proteccion-de-datos\/#breadcrumb","itemListElement":[{"@type":"ListItem","position":1,"name":"Startseite","item":"https:\/\/www.rs-multiservicio.com\/es\/"},{"@type":"ListItem","position":2,"name":"Protecci\u00f3n de datos"}]},{"@type":"WebSite","@id":"https:\/\/www.rs-multiservicio.com\/es\/#website","url":"https:\/\/www.rs-multiservicio.com\/es\/","name":"RS-Multiservicio para jardines y casas","description":"El jard\u00edn de sus sue\u00f1os","potentialAction":[{"@type":"SearchAction","target":{"@type":"EntryPoint","urlTemplate":"https:\/\/www.rs-multiservicio.com\/es\/?s={search_term_string}"},"query-input":{"@type":"PropertyValueSpecification","valueRequired":true,"valueName":"search_term_string"}}],"inLanguage":"es"}]}},"_links":{"self":[{"href":"https:\/\/www.rs-multiservicio.com\/es\/wp-json\/wp\/v2\/pages\/1631","targetHints":{"allow":["GET"]}}],"collection":[{"href":"https:\/\/www.rs-multiservicio.com\/es\/wp-json\/wp\/v2\/pages"}],"about":[{"href":"https:\/\/www.rs-multiservicio.com\/es\/wp-json\/wp\/v2\/types\/page"}],"author":[{"embeddable":true,"href":"https:\/\/www.rs-multiservicio.com\/es\/wp-json\/wp\/v2\/users\/1"}],"replies":[{"embeddable":true,"href":"https:\/\/www.rs-multiservicio.com\/es\/wp-json\/wp\/v2\/comments?post=1631"}],"version-history":[{"count":19,"href":"https:\/\/www.rs-multiservicio.com\/es\/wp-json\/wp\/v2\/pages\/1631\/revisions"}],"predecessor-version":[{"id":2385,"href":"https:\/\/www.rs-multiservicio.com\/es\/wp-json\/wp\/v2\/pages\/1631\/revisions\/2385"}],"wp:attachment":[{"href":"https:\/\/www.rs-multiservicio.com\/es\/wp-json\/wp\/v2\/media?parent=1631"}],"curies":[{"name":"wp","href":"https:\/\/api.w.org\/{rel}","templated":true}]}}